{"id":83,"date":"2025-01-20T18:28:30","date_gmt":"2025-01-20T18:28:30","guid":{"rendered":"https:\/\/www.peak.org.tr\/?page_id=83"},"modified":"2026-02-04T11:00:56","modified_gmt":"2026-02-04T11:00:56","slug":"bizi-taniyin","status":"publish","type":"page","link":"https:\/\/www.peak.org.tr\/?page_id=83","title":{"rendered":"Bizi tan\u0131y\u0131n\u2026"},"content":{"rendered":"\n<p><strong>PEAK <\/strong>Derne\u011fi, &#8220;Hayallerin zirveye ula\u015ft\u0131\u011f\u0131 yer&#8221; anlay\u0131\u015f\u0131yla kurulmu\u015f; bireylerin kendi potansiyellerini ke\u015ffedip geli\u015ftirebilecekleri ilham verici bir platform olarak faaliyet g\u00f6stermektedir. <br>Bizler, toplumumuzun her bireyinin potansiyelini ke\u015ffetmesi ve bu potansiyelin en \u00fcst seviyeye ta\u015f\u0131nmas\u0131 gerekti\u011fine inan\u0131yoruz. Her bir ad\u0131m\u0131m\u0131z\u0131, topluma ve bireylere de\u011fer katmak i\u00e7in at\u0131yoruz.<\/p>\n\n\n\n<p><br><strong>PEAK<\/strong>, yaln\u0131zca bir dernek de\u011fil; ayn\u0131 zamanda bir aile, bir topluluk ve daha iyi bir gelecek i\u00e7in el ele vermi\u015f g\u00f6n\u00fcll\u00fclerin bulu\u015fma noktas\u0131d\u0131r. Farkl\u0131 k\u00fclt\u00fcrlerden, deneyimlerden ve yeteneklerden gelen \u00fcyelerimizle, her bireyin farkl\u0131l\u0131klar\u0131n\u0131 zenginlik olarak g\u00f6r\u00fcyoruz. Birlikte, daha kapsay\u0131c\u0131, adil ve s\u00fcrd\u00fcr\u00fclebilir bir gelecek in\u015fa etmek i\u00e7in \u00e7al\u0131\u015f\u0131yoruz.Proje ve e\u011fitim odakl\u0131 \u00e7al\u0131\u015fmalar\u0131m\u0131zla, gen\u00e7lerin ve yeti\u015fkinlerin ki\u015fisel geli\u015fimlerine destek oluyor, onlar\u0131 kendilerini ger\u00e7ekle\u015ftirmeleri i\u00e7in cesaretlendiriyoruz. Toplumun her kesimine ula\u015fmay\u0131 hedefliyor, yerel ve uluslararas\u0131 projelerle s\u0131n\u0131rlar\u0131 a\u015f\u0131yoruz.Her ba\u015far\u0131 hikayesinde y\u00fczlerde beliren tebess\u00fcmde, <strong>PEAK<\/strong> ailesinin g\u00fcc\u00fcn\u00fc hissediyoruz. <br><br>Siz de bu g\u00fczel ailenin bir par\u00e7as\u0131 olun, birlikte yeni hayalleri zirvelere ula\u015ft\u0131ral\u0131m.<\/p>\n\n\n\n<p style=\"font-size:14px\"><br>Beytullah Balc\u0131 <br><strong>Proje E\u011fitim Ara\u015ft\u0131rma ve Kalk\u0131nma Derne\u011fi<\/strong><br>Kurucu | Y\u00f6netim Kurulu Ba\u015fkan\u0131<br><\/p>\n","protected":false},"excerpt":{"rendered":"<p>PEAK Derne\u011fi, &#8220;Hayallerin zirveye ula\u015ft\u0131\u011f\u0131 yer&#8221; anlay\u0131\u015f\u0131yla kurulmu\u015f; bireylerin kendi potansiyellerini ke\u015ffedip geli\u015ftirebilecekleri ilham verici bir platform olarak faaliyet g\u00f6stermektedir. Bizler, toplumumuzun her bireyinin potansiyelini ke\u015ffetmesi ve bu potansiyelin en \u00fcst seviyeye ta\u015f\u0131nmas\u0131 gerekti\u011fine inan\u0131yoruz. Her bir ad\u0131m\u0131m\u0131z\u0131, topluma ve bireylere de\u011fer katmak i\u00e7in at\u0131yoruz. PEAK, yaln\u0131zca bir dernek de\u011fil; ayn\u0131 zamanda bir aile, bir [&hellip;]<\/p>\n","protected":false},"author":1,"featured_media":0,"parent":0,"menu_order":0,"comment_status":"closed","ping_status":"closed","template":"","meta":{"footnotes":""},"class_list":["post-83","page","type-page","status-publish","hentry"],"_links":{"self":[{"href":"https:\/\/www.peak.org.tr\/index.php?rest_route=\/wp\/v2\/pages\/83","targetHints":{"allow":["GET"]}}],"collection":[{"href":"https:\/\/www.peak.org.tr\/index.php?rest_route=\/wp\/v2\/pages"}],"about":[{"href":"https:\/\/www.peak.org.tr\/index.php?rest_route=\/wp\/v2\/types\/page"}],"author":[{"embeddable":true,"href":"https:\/\/www.peak.org.tr\/index.php?rest_route=\/wp\/v2\/users\/1"}],"replies":[{"embeddable":true,"href":"https:\/\/www.peak.org.tr\/index.php?rest_route=%2Fwp%2Fv2%2Fcomments&post=83"}],"version-history":[{"count":9,"href":"https:\/\/www.peak.org.tr\/index.php?rest_route=\/wp\/v2\/pages\/83\/revisions"}],"predecessor-version":[{"id":376,"href":"https:\/\/www.peak.org.tr\/index.php?rest_route=\/wp\/v2\/pages\/83\/revisions\/376"}],"wp:attachment":[{"href":"https:\/\/www.peak.org.tr\/index.php?rest_route=%2Fwp%2Fv2%2Fmedia&parent=83"}],"curies":[{"name":"wp","href":"https:\/\/api.w.org\/{rel}","templated":true}]}}