{"id":79,"date":"2025-01-20T18:25:54","date_gmt":"2025-01-20T18:25:54","guid":{"rendered":"https:\/\/www.peak.org.tr\/?page_id=79"},"modified":"2026-02-02T13:14:58","modified_gmt":"2026-02-02T13:14:58","slug":"projelerimiz","status":"publish","type":"page","link":"https:\/\/www.peak.org.tr\/?page_id=79","title":{"rendered":"Projelerimiz\u2026"},"content":{"rendered":"\n<p><strong>PEAK<\/strong> Derne\u011fi olarak, topluma de\u011fer katacak ve bireylerin geli\u015fimini destekleyecek projeler geli\u015ftirmek bizim en b\u00fcy\u00fck hedefimizdir. \u00c7e\u015fitli alanlarda, farkl\u0131 ya\u015f gruplar\u0131na hitap eden projelerle etkili ve kal\u0131c\u0131 de\u011fi\u015fimlere imza at\u0131yoruz. <strong>PEAK<\/strong>\u2019ta ger\u00e7ekle\u015ftirmeye odakl\u0131 oldu\u011fumuz baz\u0131 proje t\u00fcrlerini a\u015fa\u011f\u0131da sizler i\u00e7in s\u0131ralad\u0131k:<\/p>\n\n\n\n<ol class=\"wp-block-list\">\n<li><strong>Erasmus+ Projeleri:<\/strong> Avrupa Birli\u011fi taraf\u0131ndan desteklenen <strong>Erasmus+ Program\u0131<\/strong>, gen\u00e7lerin ve g\u00f6n\u00fcll\u00fclerin ki\u015fisel geli\u015fimlerine katk\u0131 sa\u011flamak i\u00e7in harika bir f\u0131rsatt\u0131r. E\u011fitim, k\u00fclt\u00fcrel de\u011fi\u015fim, sosyal sorumluluk gibi bir\u00e7ok alanda projeler geli\u015ftirmek i\u00e7in Erasmus+ hibeleri kullan\u0131yoruz. Bu projelerle kat\u0131l\u0131mc\u0131lar, uluslararas\u0131 deneyimler kazan\u0131yor, dil becerilerini geli\u015ftiriyor ve k\u00fcresel a\u011flar kuruyorlar. <strong>PEAK<\/strong>, Erasmus+ fonlar\u0131 sayesinde hem yurti\u00e7indeki hem de yurtd\u0131\u015f\u0131ndaki kat\u0131l\u0131mc\u0131lara de\u011ferli f\u0131rsatlar sunuyor.<\/li>\n\n\n\n<li><strong>E\u011fitim ve Ki\u015fisel Geli\u015fim Projeleri:<\/strong> Gen\u00e7lerin ve yeti\u015fkinlerin becerilerini geli\u015ftirmeyi ama\u00e7layan e\u011fitim programlar\u0131, seminerler ve at\u00f6lye \u00e7al\u0131\u015fmalar\u0131 d\u00fczenliyoruz. Bu projeler, kat\u0131l\u0131mc\u0131lara hem profesyonel hem de ki\u015fisel beceriler kazand\u0131rmay\u0131 hedeflemektedir.<\/li>\n\n\n\n<li><strong>K\u00fclt\u00fcrel De\u011fi\u015fim ve D\u0131\u015f \u0130li\u015fkiler Projeleri:<\/strong> Farkl\u0131 k\u00fclt\u00fcrleri bir araya getiren uluslararas\u0131 etkinlikler, k\u00fclt\u00fcrel tan\u0131t\u0131m programlar\u0131 ve de\u011fi\u015fim projeleri d\u00fczenliyoruz. Bu t\u00fcr projeler, kat\u0131l\u0131mc\u0131lar\u0131n global bir bak\u0131\u015f a\u00e7\u0131s\u0131 kazanmas\u0131na ve farkl\u0131 k\u00fclt\u00fcrlere kar\u015f\u0131 daha anlay\u0131\u015fl\u0131 olmalar\u0131na olanak tan\u0131maktad\u0131r.<\/li>\n\n\n\n<li><strong>Sosyal Sorumluluk Projeleri:<\/strong> Toplumsal sorunlara \u00e7\u00f6z\u00fcm bulmay\u0131 ama\u00e7layan projelerle, \u00e7evre, sa\u011fl\u0131k, e\u011fitim ve sosyal adalet gibi alanlarda fark\u0131ndal\u0131k yarat\u0131yoruz. Bu projelerde g\u00f6n\u00fcll\u00fclerin aktif rol almas\u0131n\u0131 sa\u011fl\u0131yor, toplumun ihtiya\u00e7lar\u0131na yan\u0131t veriyoruz.<\/li>\n\n\n\n<li><strong>Gen\u00e7lik Projeleri:<\/strong> Gen\u00e7lerin liderlik, giri\u015fimcilik, tak\u0131m \u00e7al\u0131\u015fmas\u0131 gibi becerilerle donat\u0131lmas\u0131n\u0131 sa\u011flayacak projeler d\u00fczenliyoruz. Gen\u00e7lerin hem kendi potansiyellerini ke\u015ffetmeleri hem de topluma katk\u0131 sa\u011flamalar\u0131 i\u00e7in f\u0131rsatlar sunuyoruz.<\/li>\n\n\n\n<li><strong>S\u00fcrd\u00fcr\u00fclebilir Kalk\u0131nma ve \u00c7evre Projeleri:<\/strong> Do\u011fa dostu projeler, geri d\u00f6n\u00fc\u015f\u00fcm \u00e7al\u0131\u015fmalar\u0131, enerji verimlili\u011fi gibi s\u00fcrd\u00fcr\u00fclebilir kalk\u0131nma ama\u00e7lar\u0131na hizmet eden projelerle \u00e7evreye duyarl\u0131 bir toplum in\u015fa etmeye \u00e7al\u0131\u015f\u0131yoruz.<\/li>\n<\/ol>\n\n\n\n<p><strong><a href=\"https:\/\/www.peak.org.tr\/\">G\u00fcncel proje teklif \u00e7a\u011fr\u0131lar\u0131m\u0131z i\u00e7in ana sayfadaki &#8220;son payla\u015f\u0131mlar&#8221; k\u0131sm\u0131na g\u00f6z at\u0131n&#8230;<\/a><\/strong><\/p>\n","protected":false},"excerpt":{"rendered":"<p>PEAK Derne\u011fi olarak, topluma de\u011fer katacak ve bireylerin geli\u015fimini destekleyecek projeler geli\u015ftirmek bizim en b\u00fcy\u00fck hedefimizdir. \u00c7e\u015fitli alanlarda, farkl\u0131 ya\u015f gruplar\u0131na hitap eden projelerle etkili ve kal\u0131c\u0131 de\u011fi\u015fimlere imza at\u0131yoruz. PEAK\u2019ta ger\u00e7ekle\u015ftirmeye odakl\u0131 oldu\u011fumuz baz\u0131 proje t\u00fcrlerini a\u015fa\u011f\u0131da sizler i\u00e7in s\u0131ralad\u0131k: G\u00fcncel proje teklif \u00e7a\u011fr\u0131lar\u0131m\u0131z i\u00e7in ana sayfadaki &#8220;son payla\u015f\u0131mlar&#8221; k\u0131sm\u0131na g\u00f6z at\u0131n&#8230;<\/p>\n","protected":false},"author":1,"featured_media":0,"parent":0,"menu_order":0,"comment_status":"closed","ping_status":"closed","template":"","meta":{"footnotes":""},"class_list":["post-79","page","type-page","status-publish","hentry"],"_links":{"self":[{"href":"https:\/\/www.peak.org.tr\/index.php?rest_route=\/wp\/v2\/pages\/79","targetHints":{"allow":["GET"]}}],"collection":[{"href":"https:\/\/www.peak.org.tr\/index.php?rest_route=\/wp\/v2\/pages"}],"about":[{"href":"https:\/\/www.peak.org.tr\/index.php?rest_route=\/wp\/v2\/types\/page"}],"author":[{"embeddable":true,"href":"https:\/\/www.peak.org.tr\/index.php?rest_route=\/wp\/v2\/users\/1"}],"replies":[{"embeddable":true,"href":"https:\/\/www.peak.org.tr\/index.php?rest_route=%2Fwp%2Fv2%2Fcomments&post=79"}],"version-history":[{"count":6,"href":"https:\/\/www.peak.org.tr\/index.php?rest_route=\/wp\/v2\/pages\/79\/revisions"}],"predecessor-version":[{"id":325,"href":"https:\/\/www.peak.org.tr\/index.php?rest_route=\/wp\/v2\/pages\/79\/revisions\/325"}],"wp:attachment":[{"href":"https:\/\/www.peak.org.tr\/index.php?rest_route=%2Fwp%2Fv2%2Fmedia&parent=79"}],"curies":[{"name":"wp","href":"https:\/\/api.w.org\/{rel}","templated":true}]}}