{"id":68,"date":"2025-01-20T17:47:17","date_gmt":"2025-01-20T17:47:17","guid":{"rendered":"https:\/\/www.peak.org.tr\/?page_id=68"},"modified":"2026-02-04T08:31:15","modified_gmt":"2026-02-04T08:31:15","slug":"bagis-yapin","status":"publish","type":"page","link":"https:\/\/www.peak.org.tr\/?page_id=68","title":{"rendered":"Aidat \u00d6deme ve Ba\u011f\u0131\u015f"},"content":{"rendered":"\n<div class=\"wp-block-group\"><div class=\"wp-block-group__inner-container is-layout-constrained wp-block-group-is-layout-constrained\">\n<p class=\"has-black-color has-pale-ocean-gradient-background has-text-color has-background has-link-color wp-elements-8014545b71ccd7abc1bb12b77088ccb5\"><strong>A\u0130DAT:<\/strong><br>Dernek \u00fcyelerimiz \u00fcyelik aidatlar\u0131n\u0131 a\u015fa\u011f\u0131daki resmi dernek hesab\u0131m\u0131za iletebilirler:<br><br><strong>BANKA ADI<\/strong>: T\u00fcrkiye \u0130\u015f Bankas\u0131<br><strong>HESAP ADI: <\/strong>Proje E\u011fitim Ara\u015ft\u0131rma ve Kalk\u0131nma Derne\u011fi<br><strong>IBAN NUMARASI: <\/strong>TR45 0006 4000 0012 2370 3582&nbsp;74<br><strong>\u00dcYEL\u0130K<\/strong> <strong>\u00dcCRET\u0130: <\/strong>100 TL<br><strong>YILLIK A\u0130DAT TUTARI (Toplam):<\/strong> 120 TL<br><strong>A\u00c7IKLAMA:<\/strong> <br>&#8211; \u00dcyelik \u00dccreti (100 TL)<br>&#8211; 2026 Y\u0131l\u0131 Aidat\u0131 (120 TL)<br>&#8211; \u00dcyelik \u00dccreti ve 2026 Y\u0131l\u0131 Aidat\u0131 (220 TL)<br><strong>\u00d6DEME T\u00dcR\u00dc:<\/strong> Aidat \u00d6demesi<\/p>\n<\/div><\/div>\n\n\n\n<p class=\"has-black-color has-text-color has-link-color wp-elements-add6a7c1ab1470705465c7f2ed4a9b39\" style=\"font-size:7px\"><em><strong>* Dernek t\u00fcz\u00fc\u011f\u00fcm\u00fcz gere\u011fi \u00fcyelik \u00fccreti bir defaya mahsus al\u0131n\u0131r.<\/strong><\/em><\/p>\n\n\n\n<p><\/p>\n\n\n\n<p><\/p>\n\n\n\n<p class=\"has-black-color has-pale-ocean-gradient-background has-text-color has-background has-link-color wp-elements-e97bec5b2182453a19f8d59bb3b9646e\"><strong>BA\u011eI\u015e:<\/strong><br>Derne\u011fimizin ama\u00e7 ve faaliyetlerini desteklemek isteyen ger\u00e7ek ve t\u00fczel ki\u015filer, ba\u011f\u0131\u015flar\u0131n\u0131 a\u015fa\u011f\u0131daki resmi dernek hesab\u0131m\u0131za iletebilirler.<br><br><strong>BANKA ADI:<\/strong> T\u00fcrkiye \u0130\u015f Bankas\u0131<br><strong>HESAP ADI: <\/strong>Proje E\u011fitim Ara\u015ft\u0131rma ve Kalk\u0131nma Derne\u011fi<br><strong>IBAN NUMARASI:<\/strong> TR45 0006 4000 0012 2370 3582 74<br><strong>BA\u011eI\u015e T\u00dcRLER\u0130:<\/strong><br>\u2013 \u015earts\u0131z Ba\u011f\u0131\u015f<br>\u2013 Proje \/ Faaliyet Ba\u011f\u0131\u015f\u0131<br>\u2013 Genel Destek Ba\u011f\u0131\u015f\u0131<br><strong>A\u00c7IKLAMA:<\/strong><br>\u00d6deme s\u0131ras\u0131nda a\u00e7\u0131klama k\u0131sm\u0131na mutlaka ba\u011f\u0131\u015f\u0131n t\u00fcr\u00fc veya amac\u0131 belirtilmelidir.<br><strong>\u00d6DEME T\u00dcR\u00dc: <\/strong>Ba\u011f\u0131\u015f<\/p>\n\n\n\n<p class=\"has-black-color has-text-color has-link-color wp-elements-b8aa59f95ae1c3b9142c0a53d2711101\" style=\"font-size:7px\"><em><strong>\u00d6NEML\u0130 NOT:<\/strong><br><strong>Ba\u011f\u0131\u015flar g\u00f6n\u00fcll\u00fcl\u00fck esas\u0131na dayan\u0131r. Ba\u011f\u0131\u015f yapan ki\u015filere ba\u011f\u0131\u015f makbuzu d\u00fczenlenir.<br>Ba\u011f\u0131\u015flar, \u00fcye aidat\u0131 veya \u00fcyelik \u00fccreti yerine ge\u00e7mez.<\/strong><\/em><\/p>\n\n\n\n<p><\/p>\n","protected":false},"excerpt":{"rendered":"<p>A\u0130DAT:Dernek \u00fcyelerimiz \u00fcyelik aidatlar\u0131n\u0131 a\u015fa\u011f\u0131daki resmi dernek hesab\u0131m\u0131za iletebilirler: BANKA ADI: T\u00fcrkiye \u0130\u015f Bankas\u0131HESAP ADI: Proje E\u011fitim Ara\u015ft\u0131rma ve Kalk\u0131nma Derne\u011fiIBAN NUMARASI: TR45 0006 4000 0012 2370 3582&nbsp;74\u00dcYEL\u0130K \u00dcCRET\u0130: 100 TLYILLIK A\u0130DAT TUTARI (Toplam): 120 TLA\u00c7IKLAMA: &#8211; \u00dcyelik \u00dccreti (100 TL)&#8211; 2026 Y\u0131l\u0131 Aidat\u0131 (120 TL)&#8211; \u00dcyelik \u00dccreti ve 2026 Y\u0131l\u0131 Aidat\u0131 (220 TL)\u00d6DEME T\u00dcR\u00dc: [&hellip;]<\/p>\n","protected":false},"author":1,"featured_media":0,"parent":0,"menu_order":0,"comment_status":"closed","ping_status":"closed","template":"templates\/template-page-full-width.php","meta":{"footnotes":""},"class_list":["post-68","page","type-page","status-publish","hentry"],"_links":{"self":[{"href":"https:\/\/www.peak.org.tr\/index.php?rest_route=\/wp\/v2\/pages\/68","targetHints":{"allow":["GET"]}}],"collection":[{"href":"https:\/\/www.peak.org.tr\/index.php?rest_route=\/wp\/v2\/pages"}],"about":[{"href":"https:\/\/www.peak.org.tr\/index.php?rest_route=\/wp\/v2\/types\/page"}],"author":[{"embeddable":true,"href":"https:\/\/www.peak.org.tr\/index.php?rest_route=\/wp\/v2\/users\/1"}],"replies":[{"embeddable":true,"href":"https:\/\/www.peak.org.tr\/index.php?rest_route=%2Fwp%2Fv2%2Fcomments&post=68"}],"version-history":[{"count":37,"href":"https:\/\/www.peak.org.tr\/index.php?rest_route=\/wp\/v2\/pages\/68\/revisions"}],"predecessor-version":[{"id":358,"href":"https:\/\/www.peak.org.tr\/index.php?rest_route=\/wp\/v2\/pages\/68\/revisions\/358"}],"wp:attachment":[{"href":"https:\/\/www.peak.org.tr\/index.php?rest_route=%2Fwp%2Fv2%2Fmedia&parent=68"}],"curies":[{"name":"wp","href":"https:\/\/api.w.org\/{rel}","templated":true}]}}